{"id":159,"date":"2025-01-14T14:40:19","date_gmt":"2025-01-14T14:40:19","guid":{"rendered":"https:\/\/dummy.xtemos.com\/woodmart2\/marketplace2-elementor\/?post_type=product&#038;p=159"},"modified":"2026-04-03T09:55:10","modified_gmt":"2026-04-03T09:55:10","slug":"gian-giao-ringlock-hung-dung","status":"publish","type":"product","link":"https:\/\/hungdungsteel.com\/chothue\/product\/gian-giao-ringlock-hung-dung\/","title":{"rendered":"Gi\u00e0n gi\u00e1o Ringlock H\u00f9ng D\u0169ng"},"content":{"rendered":"\t\t<div data-elementor-type=\"wp-post\" data-elementor-id=\"159\" class=\"elementor elementor-159\">\n\t\t\t\t<div class=\"wd-negative-gap elementor-element elementor-element-4f272e9 e-flex e-con-boxed e-con e-parent\" data-id=\"4f272e9\" data-element_type=\"container\" data-e-type=\"container\">\n\t\t\t\t\t<div class=\"e-con-inner\">\n\t\t<div class=\"elementor-element elementor-element-c067f48 e-con-full e-flex e-con e-child\" data-id=\"c067f48\" data-element_type=\"container\" data-e-type=\"container\">\n\t\t\t\t<div class=\"elementor-element elementor-element-308d4cd wd-width-100 elementor-widget elementor-widget-wd_title\" data-id=\"308d4cd\" data-element_type=\"widget\" data-e-type=\"widget\" data-widget_type=\"wd_title.default\">\n\t\t\t\t<div class=\"elementor-widget-container\">\n\t\t\t\t\t\t\t<div class=\"title-wrapper wd-set-mb reset-last-child wd-title-color-default wd-title-style-default wd-title-size-default text-center\">\n\n\t\t\t\n\t\t\t<div class=\"liner-continer\">\n\t\t\t\t<h4 class=\"woodmart-title-container title wd-fontsize-l\">GI\u00c0N GI\u00c1O RINGLOCK<\/h4> \n\t\t\t\t\t\t\t<\/div>\n\n\t\t\t\t\t<\/div>\n\t\t\t\t\t\t<\/div>\n\t\t\t\t<\/div>\n\t\t\t\t<div class=\"elementor-element elementor-element-9f52cd0 elementor-widget elementor-widget-wd_image_or_svg\" data-id=\"9f52cd0\" data-element_type=\"widget\" data-e-type=\"widget\" data-widget_type=\"wd_image_or_svg.default\">\n\t\t\t\t<div class=\"elementor-widget-container\">\n\t\t\t\t\t\n\t\t<div class=\"wd-image text-center\">\n\t\t\t\t\t\t\t\t<img loading=\"lazy\" decoding=\"async\" width=\"939\" height=\"528\" src=\"https:\/\/hungdungsteel.com\/chothue\/wp-content\/uploads\/2025\/01\/GIan-giao-ringlock.png\" class=\"attachment-full size-full\" alt=\"\" srcset=\"https:\/\/hungdungsteel.com\/chothue\/wp-content\/uploads\/2025\/01\/GIan-giao-ringlock.png 939w, https:\/\/hungdungsteel.com\/chothue\/wp-content\/uploads\/2025\/01\/GIan-giao-ringlock-150x84.png 150w, https:\/\/hungdungsteel.com\/chothue\/wp-content\/uploads\/2025\/01\/GIan-giao-ringlock-300x169.png 300w, https:\/\/hungdungsteel.com\/chothue\/wp-content\/uploads\/2025\/01\/GIan-giao-ringlock-768x432.png 768w\" sizes=\"auto, (max-width: 939px) 100vw, 939px\" \/>\t\t\t\t\t<\/div>\n\n\t\t\t\t\t\t<\/div>\n\t\t\t\t<\/div>\n\t\t\t\t<div class=\"elementor-element elementor-element-ba9f7c1 elementor-widget elementor-widget-wd_text_block\" data-id=\"ba9f7c1\" data-element_type=\"widget\" data-e-type=\"widget\" data-widget_type=\"wd_text_block.default\">\n\t\t\t\t<div class=\"elementor-widget-container\">\n\t\t\t\t\t\t\t<div class=\"wd-text-block reset-last-child text-center\">\n\t\t\t\n\t\t\t<p>H\u1ec7 gi\u00e0n gi\u00e1o Ringlock hay c\u00f2n g\u1ecdi l\u00e0 gi\u00e0n gi\u00e1o \u0111\u0129a \u0111\u01b0\u1ee3c s\u1eed d\u1ee5ng r\u1ed9ng r\u00e3i trong c\u00e1c d\u1ef1 \u00e1n.<\/p>\n\t\t\t\t\t<\/div>\n\t\t\t\t\t\t<\/div>\n\t\t\t\t<\/div>\n\t\t\t\t<\/div>\n\t\t<div class=\"elementor-element elementor-element-1f831cd e-con-full e-flex e-con e-child\" data-id=\"1f831cd\" data-element_type=\"container\" data-e-type=\"container\">\n\t\t\t\t<div class=\"elementor-element elementor-element-459a65f wd-width-100 elementor-widget elementor-widget-wd_title\" data-id=\"459a65f\" data-element_type=\"widget\" data-e-type=\"widget\" data-widget_type=\"wd_title.default\">\n\t\t\t\t<div class=\"elementor-widget-container\">\n\t\t\t\t\t\t\t<div class=\"title-wrapper wd-set-mb reset-last-child wd-title-color-default wd-title-style-default wd-title-size-default text-left\">\n\n\t\t\t\n\t\t\t<div class=\"liner-continer\">\n\t\t\t\t<h4 class=\"woodmart-title-container title wd-fontsize-l\">H\u1ec7 gi\u00e0n gi\u00e1o \u01b0u vi\u1ec7t nh\u1ea5t hi\u1ec7n nay?<\/h4> \n\t\t\t\t\t\t\t<\/div>\n\n\t\t\t\t\t\t\t<div class=\"title-after_title reset-last-child wd-fontsize-xs\">\n\t\t\t\t\t<p>H\u1ec7 gi\u00e0n gi\u00e1o Ringlock \u0111\u01b0\u1ee3c \u0111\u00e1nh gi\u00e1 l\u00e0 ho\u00e0n thi\u1ec7n nh\u1ea5t hi\u1ec7n nay, n\u00f3 k\u1ebf th\u1eeba nh\u1eefng t\u00ednh n\u0103ng c\u1ee7a gi\u00e0n gi\u00e1o n\u00eam nh\u01b0ng k\u1ebft c\u1ea5u ch\u1eafc ch\u1eafn v\u00e0 v\u1eefng tr\u00e3i h\u01a1n.<\/p><p>H\u1ec7 gi\u00e0n gi\u00e1o Ringlock gi\u00fap th\u0103ng b\u1eb1ng nh\u1edd c\u00e1c m\u1ed1i li\u00ean k\u1ebft ch\u1eb7t ch\u1ebd v\u1edbi nhau, t\u1ea3i tr\u1ecdng l\u1edbn h\u01a1n r\u1ea5t nhi\u1ec1u so v\u1edbi gi\u00e0n gi\u00e1o n\u00eam v\u00e0 gi\u00e0n gi\u00e1o khung.<\/p>\t\t\t\t<\/div>\n\t\t\t\t\t<\/div>\n\t\t\t\t\t\t<\/div>\n\t\t\t\t<\/div>\n\t\t\t\t<\/div>\n\t\t<div class=\"elementor-element elementor-element-e8c5213 e-con-full e-flex e-con e-child\" data-id=\"e8c5213\" data-element_type=\"container\" data-e-type=\"container\">\n\t\t\t\t<div class=\"elementor-element elementor-element-94f9dea wd-width-100 elementor-widget elementor-widget-wd_title\" data-id=\"94f9dea\" data-element_type=\"widget\" data-e-type=\"widget\" data-widget_type=\"wd_title.default\">\n\t\t\t\t<div class=\"elementor-widget-container\">\n\t\t\t\t\t\t\t<div class=\"title-wrapper wd-set-mb reset-last-child wd-title-color-default wd-title-style-default wd-title-size-default text-left\">\n\n\t\t\t\n\t\t\t<div class=\"liner-continer\">\n\t\t\t\t<h4 class=\"woodmart-title-container title wd-fontsize-l\">C\u1ea5u t\u1ea1o c\u1ee7a gi\u00e0n gi\u00e1o Ringlock<\/h4> \n\t\t\t\t\t\t\t<\/div>\n\n\t\t\t\t\t<\/div>\n\t\t\t\t\t\t<\/div>\n\t\t\t\t<\/div>\n\t\t\t\t<div class=\"elementor-element elementor-element-ff153fb elementor-widget elementor-widget-wd_text_block\" data-id=\"ff153fb\" data-element_type=\"widget\" data-e-type=\"widget\" data-widget_type=\"wd_text_block.default\">\n\t\t\t\t<div class=\"elementor-widget-container\">\n\t\t\t\t\t\t\t<div class=\"wd-text-block reset-last-child text-left\">\n\t\t\t\n\t\t\t<p>Gi\u00e0n gi\u00e1o Ringlock c\u00f3 c\u1ea5u t\u1ea1o t\u01b0\u01a1ng t\u1ef1 <strong>gi\u00e0n gi\u00e1o n\u00eam\u00a0<\/strong>nh\u01b0ng \u0111i\u1ec3m n\u1ed5i b\u1eadt v\u00e0 \u01b0u vi\u1ec7t l\u00e0 c\u00e1ch li\u00ean k\u1ebft c\u00e1c b\u1ed9 ph\u1eadn v\u1edbi nhau m\u1ed9t c\u00e1ch ch\u1eb7t ch\u1ebd v\u00e0 ch\u1eafc ch\u1eafn.<\/p><p>Gi\u00e0n gi\u00e1o Ringlock \u0111\u01b0\u1ee3c thi\u1ebft k\u1ebf v\u1edbi nhi\u1ec1u th\u00e0nh ph\u1ea7n, t\u1ea1o n\u00ean m\u1ed9t h\u1ec7 th\u1ed1ng gi\u00e0n gi\u00e1o \u1ed5n \u0111\u1ecbnh v\u00e0 linh ho\u1ea1t. D\u01b0\u1edbi \u0111\u00e2y l\u00e0 c\u00e1c th\u00e0nh ph\u1ea7n c\u1ea5u t\u1ea1o c\u01a1 b\u1ea3n c\u1ee7a gi\u00e0n gi\u00e1o Ringlock:<\/p>\n\t\t\t\t\t<\/div>\n\t\t\t\t\t\t<\/div>\n\t\t\t\t<\/div>\n\t\t\t\t<\/div>\n\t\t<div class=\"elementor-element elementor-element-8483947 e-con-full e-flex e-con e-child\" data-id=\"8483947\" data-element_type=\"container\" data-e-type=\"container\">\n\t\t<div class=\"elementor-element elementor-element-92abfb2 e-con-full e-flex e-con e-child\" data-id=\"92abfb2\" data-element_type=\"container\" data-e-type=\"container\">\n\t\t\t\t<div class=\"elementor-element elementor-element-217f952 elementor-widget elementor-widget-wd_infobox\" data-id=\"217f952\" data-element_type=\"widget\" data-e-type=\"widget\" data-widget_type=\"wd_infobox.default\">\n\t\t\t\t<div class=\"elementor-widget-container\">\n\t\t\t\t\t\t\t<div class=\"info-box-wrapper\">\n\t\t\t<div class=\"wd-info-box text-left box-icon-align-left box-style-base color-scheme- wd-items-top\">\n\t\t\t\t\t\t\t\t\t<div class=\"box-icon-wrapper  box-with-icon box-icon-simple\">\n\t\t\t\t\t\t<div class=\"info-box-icon\">\n\t\t\t\t\t\t\t\t\t\t\t\t\t\t\t<img loading=\"lazy\" decoding=\"async\" width=\"150\" height=\"150\" src=\"https:\/\/hungdungsteel.com\/chothue\/wp-content\/uploads\/2025\/01\/cay-chong-ringlock-150x150.jpg\" class=\"attachment-thumbnail size-thumbnail\" alt=\"\" srcset=\"https:\/\/hungdungsteel.com\/chothue\/wp-content\/uploads\/2025\/01\/cay-chong-ringlock-150x150.jpg 150w, https:\/\/hungdungsteel.com\/chothue\/wp-content\/uploads\/2025\/01\/cay-chong-ringlock-300x300.jpg 300w, https:\/\/hungdungsteel.com\/chothue\/wp-content\/uploads\/2025\/01\/cay-chong-ringlock-600x600.jpg 600w, https:\/\/hungdungsteel.com\/chothue\/wp-content\/uploads\/2025\/01\/cay-chong-ringlock.jpg 768w\" sizes=\"auto, (max-width: 150px) 100vw, 150px\" \/>\t\t\t\t\t\t\t\t\t\t\t\t\t<\/div>\n\t\t\t\t\t<\/div>\n\t\t\t\t\n\t\t\t\t<div class=\"info-box-content\">\n\t\t\t\t\t\n\t\t\t\t\t\t\t\t\t\t\t<h4\t\t\t\t\t\tclass=\"info-box-title title box-title-style-default wd-fontsize-m\" data-elementor-setting-key=\"title\">\n\t\t\t\t\t\t\t\tC\u00e2y ch\u1ed1ng \u0111\u1ee9ng\t\t\t\t\t\t<\/h4>\n\t\t\t\t\t\n\t\t\t\t\t<div class=\"info-box-inner reset-last-child\"data-elementor-setting-key=\"content\"><p>L\u00e0 c\u00e2y ch\u1ed1ng ch\u00ednh ch\u1ecbu l\u1ef1c c\u1ee7a h\u1ec7 <strong>gi\u00e0n gi\u00e1o Ringlock&nbsp;<\/strong>c\u00f3 chi\u1ec1u d\u00e0i t\u1eeb 1m-3m t\u00f9y thu\u1ed9c v\u00e0o y\u00eau c\u1ea7u k\u00edch th\u01b0\u1edbc v\u00e0 nhu c\u1ea7u c\u1ee7a c\u00f4ng tr\u00ecnh.<\/p>\n<p>Tr\u00ean m\u1ed7i c\u00e2y ch\u1ed1ng \u0111\u1ee9ng c\u00f3 g\u1eafn m\u00e2m \u0111\u0129a.<\/p>\n<\/div>\n\n\t\t\t\t\t\t\t\t\t<\/div>\n\n\t\t\t\t\t\t\t<\/div>\n\t\t<\/div>\n\t\t\t\t\t\t<\/div>\n\t\t\t\t<\/div>\n\t\t\t\t<div class=\"elementor-element elementor-element-e4e7ff6 elementor-widget elementor-widget-wd_infobox\" data-id=\"e4e7ff6\" data-element_type=\"widget\" data-e-type=\"widget\" data-widget_type=\"wd_infobox.default\">\n\t\t\t\t<div class=\"elementor-widget-container\">\n\t\t\t\t\t\t\t<div class=\"info-box-wrapper\">\n\t\t\t<div class=\"wd-info-box text-left box-icon-align-left box-style-base color-scheme- wd-items-top\">\n\t\t\t\t\t\t\t\t\t<div class=\"box-icon-wrapper  box-with-icon box-icon-simple\">\n\t\t\t\t\t\t<div class=\"info-box-icon\">\n\t\t\t\t\t\t\t\t\t\t\t\t\t\t\t<img loading=\"lazy\" decoding=\"async\" width=\"150\" height=\"150\" src=\"https:\/\/hungdungsteel.com\/chothue\/wp-content\/uploads\/2025\/01\/thanh-giang-ngang-gian-giao-ringlock-768x576-1-150x150.jpg\" class=\"attachment-thumbnail size-thumbnail\" alt=\"\" \/>\t\t\t\t\t\t\t\t\t\t\t\t\t<\/div>\n\t\t\t\t\t<\/div>\n\t\t\t\t\n\t\t\t\t<div class=\"info-box-content\">\n\t\t\t\t\t\n\t\t\t\t\t\t\t\t\t\t\t<h4\t\t\t\t\t\tclass=\"info-box-title title box-title-style-default wd-fontsize-m\" data-elementor-setting-key=\"title\">\n\t\t\t\t\t\t\t\tThanh gi\u1eb1ng ngang (Ledger)\t\t\t\t\t\t<\/h4>\n\t\t\t\t\t\n\t\t\t\t\t<div class=\"info-box-inner reset-last-child\"data-elementor-setting-key=\"content\"><p>L\u00e0 thanh li\u00ean k\u1ebft ngang t\u0103ng \u0111\u1ed9 li\u00ean k\u1ebft c\u1ee9ng c\u1ee7a gi\u00e0n gi\u00e1o ringlock. Thanh gi\u1eb1ng ngang th\u01b0\u1eddng\u00a0 c\u00f3 k\u00edch th\u01b0\u1edbc 0.6m, 0.9m, 1.2m, v.v., v\u1edbi \u0111\u1ed9 d\u00e0y \u1ed1ng 2-3mm<\/p>\n<\/div>\n\n\t\t\t\t\t\t\t\t\t<\/div>\n\n\t\t\t\t\t\t\t<\/div>\n\t\t<\/div>\n\t\t\t\t\t\t<\/div>\n\t\t\t\t<\/div>\n\t\t\t\t<div class=\"elementor-element elementor-element-b67b8f9 elementor-widget elementor-widget-wd_infobox\" data-id=\"b67b8f9\" data-element_type=\"widget\" data-e-type=\"widget\" data-widget_type=\"wd_infobox.default\">\n\t\t\t\t<div class=\"elementor-widget-container\">\n\t\t\t\t\t\t\t<div class=\"info-box-wrapper\">\n\t\t\t<div class=\"wd-info-box text-left box-icon-align-left box-style-base color-scheme- wd-items-top\">\n\t\t\t\t\t\t\t\t\t<div class=\"box-icon-wrapper  box-with-icon box-icon-simple\">\n\t\t\t\t\t\t<div class=\"info-box-icon\">\n\t\t\t\t\t\t\t\t\t\t\t\t\t\t\t<img loading=\"lazy\" decoding=\"async\" width=\"150\" height=\"150\" src=\"https:\/\/hungdungsteel.com\/chothue\/wp-content\/uploads\/2025\/01\/bat-giac-150x150.png\" class=\"attachment-thumbnail size-thumbnail\" alt=\"\" \/>\t\t\t\t\t\t\t\t\t\t\t\t\t<\/div>\n\t\t\t\t\t<\/div>\n\t\t\t\t\n\t\t\t\t<div class=\"info-box-content\">\n\t\t\t\t\t\n\t\t\t\t\t\t\t\t\t\t\t<h4\t\t\t\t\t\tclass=\"info-box-title title box-title-style-default wd-fontsize-m\" data-elementor-setting-key=\"title\">\n\t\t\t\t\t\t\t\tSix-speaker sound system.\t\t\t\t\t\t<\/h4>\n\t\t\t\t\t\n\t\t\t\t\t<div class=\"info-box-inner reset-last-child\"data-elementor-setting-key=\"content\"><p>Two pairs of force-cancelling woofers with two tweeters fill the room with sound. And Spatial Audio with Dolby Atmos creates a three-dimensional soundstage.<\/p>\n<\/div>\n\n\t\t\t\t\t\t\t\t\t<\/div>\n\n\t\t\t\t\t\t\t<\/div>\n\t\t<\/div>\n\t\t\t\t\t\t<\/div>\n\t\t\t\t<\/div>\n\t\t\t\t<\/div>\n\t\t<div class=\"elementor-element elementor-element-ebbe4e3 e-con-full e-flex e-con e-child\" data-id=\"ebbe4e3\" data-element_type=\"container\" data-e-type=\"container\">\n\t\t\t\t<div class=\"elementor-element elementor-element-22a7c95 elementor-widget elementor-widget-wd_image_or_svg\" data-id=\"22a7c95\" data-element_type=\"widget\" data-e-type=\"widget\" data-widget_type=\"wd_image_or_svg.default\">\n\t\t\t\t<div class=\"elementor-widget-container\">\n\t\t\t\t\t\n\t\t<div class=\"wd-image text-center\">\n\t\t\t\t\t\t\t\t<img loading=\"lazy\" decoding=\"async\" width=\"611\" height=\"664\" src=\"https:\/\/hungdungsteel.com\/chothue\/wp-content\/uploads\/2025\/01\/cau-tao-gian-giao-ringlock.png\" class=\"attachment-full size-full\" alt=\"\" srcset=\"https:\/\/hungdungsteel.com\/chothue\/wp-content\/uploads\/2025\/01\/cau-tao-gian-giao-ringlock.png 611w, https:\/\/hungdungsteel.com\/chothue\/wp-content\/uploads\/2025\/01\/cau-tao-gian-giao-ringlock-276x300.png 276w, https:\/\/hungdungsteel.com\/chothue\/wp-content\/uploads\/2025\/01\/cau-tao-gian-giao-ringlock-150x163.png 150w\" sizes=\"auto, (max-width: 611px) 100vw, 611px\" \/>\t\t\t\t\t<\/div>\n\n\t\t\t\t\t\t<\/div>\n\t\t\t\t<\/div>\n\t\t\t\t<\/div>\n\t\t\t\t<\/div>\n\t\t\t\t\t<\/div>\n\t\t\t\t<\/div>\n\t\t\t\t<\/div>\n\t\t","protected":false},"excerpt":{"rendered":"<p>Gi\u00e0n gi\u00e1o Ringlock (gi\u00e0n gi\u00e1o \u0111\u0129a)\u00a0l\u00e0 h\u1ec7 gi\u00e0n gi\u00e1o hi\u1ec7n \u0111\u1ea1i, an to\u00e0n cao, \u0111\u01b0\u1ee3c s\u1eed d\u1ee5ng ph\u1ed5 bi\u1ebfn trong x\u00e2y d\u1ef1ng \u0111\u1ec3 ch\u1ed1ng s\u00e0n v\u00e0 bao che. \u0110\u1eb7c tr\u01b0ng b\u1edfi c\u00e1c li\u00ean k\u1ebft \u0111\u0129a tr\u00f2n, ch\u1ed1t g\u00e0i ch\u1eafc ch\u1eafn, ch\u1ecbu l\u1ef1c t\u1ed1t h\u01a1n gi\u00e0n gi\u00e1o n\u00eam, ph\u00f9 h\u1ee3p cho c\u00e1c c\u00f4ng tr\u00ecnh cao t\u1ea7ng, c\u1ea7u \u0111\u01b0\u1eddng, v\u00e0 d\u1ef1 \u00e1n y\u00eau c\u1ea7u t\u1ea3i tr\u1ecdng l\u1edbn<\/p>\n","protected":false},"featured_media":1299,"comment_status":"open","ping_status":"closed","template":"","meta":[],"product_brand":[],"product_cat":[24],"product_tag":[],"class_list":{"0":"post-159","1":"product","2":"type-product","3":"status-publish","4":"has-post-thumbnail","6":"product_cat-gian-giao-ringlock","8":"first","9":"instock","10":"shipping-taxable","11":"purchasable","12":"product-type-simple"},"_links":{"self":[{"href":"https:\/\/hungdungsteel.com\/chothue\/wp-json\/wp\/v2\/product\/159","targetHints":{"allow":["GET"]}}],"collection":[{"href":"https:\/\/hungdungsteel.com\/chothue\/wp-json\/wp\/v2\/product"}],"about":[{"href":"https:\/\/hungdungsteel.com\/chothue\/wp-json\/wp\/v2\/types\/product"}],"replies":[{"embeddable":true,"href":"https:\/\/hungdungsteel.com\/chothue\/wp-json\/wp\/v2\/comments?post=159"}],"version-history":[{"count":46,"href":"https:\/\/hungdungsteel.com\/chothue\/wp-json\/wp\/v2\/product\/159\/revisions"}],"predecessor-version":[{"id":1599,"href":"https:\/\/hungdungsteel.com\/chothue\/wp-json\/wp\/v2\/product\/159\/revisions\/1599"}],"wp:featuredmedia":[{"embeddable":true,"href":"https:\/\/hungdungsteel.com\/chothue\/wp-json\/wp\/v2\/media\/1299"}],"wp:attachment":[{"href":"https:\/\/hungdungsteel.com\/chothue\/wp-json\/wp\/v2\/media?parent=159"}],"wp:term":[{"taxonomy":"product_brand","embeddable":true,"href":"https:\/\/hungdungsteel.com\/chothue\/wp-json\/wp\/v2\/product_brand?post=159"},{"taxonomy":"product_cat","embeddable":true,"href":"https:\/\/hungdungsteel.com\/chothue\/wp-json\/wp\/v2\/product_cat?post=159"},{"taxonomy":"product_tag","embeddable":true,"href":"https:\/\/hungdungsteel.com\/chothue\/wp-json\/wp\/v2\/product_tag?post=159"}],"curies":[{"name":"wp","href":"https:\/\/api.w.org\/{rel}","templated":true}]}}